{"id":655,"date":"2022-07-22T23:22:46","date_gmt":"2022-07-22T21:22:46","guid":{"rendered":"http:\/\/www.fotoclub-gaenserndorf.at\/?page_id=655"},"modified":"2024-03-09T00:04:22","modified_gmt":"2024-03-08T23:04:22","slug":"ueber-uns-2","status":"publish","type":"page","link":"https:\/\/www.fotoclub-gaenserndorf.at\/?page_id=655","title":{"rendered":"\u00dcber uns"},"content":{"rendered":"\n<p>D\u00fcrfen wir uns vorstellen? Wir sind eine kleine Gruppe fotobegeisterter Menschen aus G\u00e4nserndorf und treffen uns in regelm\u00e4\u00dfigen Abst\u00e4nden, um uns \u00fcber s\u00e4mtliche Aspekte der Fotografie auszutauschen. Von Zeit zu Zeit organisieren wir gemeinsame Ausfl\u00fcge und Fotowalks und sehen uns die Ergebnisse in gem\u00fctlicher Runde im Rahmen unserer Clubabende an.<\/p>\n\n\n\n<p>M\u00f6chtest du Teil unserer Familie werden? Lass uns gerne eine Nachricht da oder besuche uns am besten gleich vor Ort. Den n\u00e4chsten Termin findest du direkt auf unserer Startseite. Wir freuen uns auf dich!<\/p>\n\n\n\n<p>Der Fotoclub ist Teil des <a href=\"https:\/\/www.sv-omv-gaenserndorf.at\/\" data-type=\"URL\" data-id=\"https:\/\/www.sv-omv-gaenserndorf.at\/\" target=\"_blank\" rel=\"noreferrer noopener\">SV OMV G\u00e4nserndorf<\/a>. Informationen zum Gesamtverein findet ihr auf deren Homepage.<\/p>\n","protected":false},"excerpt":{"rendered":"<p>D\u00fcrfen wir uns vorstellen? Wir sind eine kleine Gruppe fotobegeisterter Menschen aus G\u00e4nserndorf und treffen uns in regelm\u00e4\u00dfigen Abst\u00e4nden, um uns \u00fcber s\u00e4mtliche Aspekte der Fotografie auszutauschen. Von Zeit zu <span class=\"readmore\"><a href=\"https:\/\/www.fotoclub-gaenserndorf.at\/?page_id=655\">Weiterlesen\u00a0\u2026<\/a><\/span><\/p>\n","protected":false},"author":2,"featured_media":0,"parent":0,"menu_order":0,"comment_status":"closed","ping_status":"closed","template":"","meta":{"footnotes":""},"class_list":["post-655","page","type-page","status-publish","hentry"],"_links":{"self":[{"href":"https:\/\/www.fotoclub-gaenserndorf.at\/index.php?rest_route=\/wp\/v2\/pages\/655","targetHints":{"allow":["GET"]}}],"collection":[{"href":"https:\/\/www.fotoclub-gaenserndorf.at\/index.php?rest_route=\/wp\/v2\/pages"}],"about":[{"href":"https:\/\/www.fotoclub-gaenserndorf.at\/index.php?rest_route=\/wp\/v2\/types\/page"}],"author":[{"embeddable":true,"href":"https:\/\/www.fotoclub-gaenserndorf.at\/index.php?rest_route=\/wp\/v2\/users\/2"}],"replies":[{"embeddable":true,"href":"https:\/\/www.fotoclub-gaenserndorf.at\/index.php?rest_route=%2Fwp%2Fv2%2Fcomments&post=655"}],"version-history":[{"count":9,"href":"https:\/\/www.fotoclub-gaenserndorf.at\/index.php?rest_route=\/wp\/v2\/pages\/655\/revisions"}],"predecessor-version":[{"id":1250,"href":"https:\/\/www.fotoclub-gaenserndorf.at\/index.php?rest_route=\/wp\/v2\/pages\/655\/revisions\/1250"}],"wp:attachment":[{"href":"https:\/\/www.fotoclub-gaenserndorf.at\/index.php?rest_route=%2Fwp%2Fv2%2Fmedia&parent=655"}],"curies":[{"name":"wp","href":"https:\/\/api.w.org\/{rel}","templated":true}]}}